{"id":57,"date":"2011-11-08T21:39:25","date_gmt":"2011-11-08T19:39:25","guid":{"rendered":"http:\/\/www.tsgbielefeld.de\/tsg_new\/wordpress\/?page_id=57"},"modified":"2018-11-14T10:14:43","modified_gmt":"2018-11-14T08:14:43","slug":"impressum","status":"publish","type":"page","link":"http:\/\/www.tsgbielefeld.de\/?page_id=57","title":{"rendered":"Impressum &#038; Datenschutz"},"content":{"rendered":"<h1>Impressum<\/h1>\n<p>tsgbielefeld.de ist das Internetangebot der TANZSPORT-GEMEINSCHAFT BIELEFELD e.V. , Bielefeld.<\/p>\n<p>Alle Rechte an Texten, Bildern und sonstigen Informationen liegen, soweit nicht anders vermerkt, bei der TSG\u00a0Bielefeld. Abdruck und Verwendung ist nur mit ausdr\u00fccklicher Genehmigung der TSG Bielefeld zul\u00e4ssig.<\/p>\n<p>Gesch\u00e4ftsstelle<br \/>\nTANZSPORT-GEMEINSCHAFT\u00a0BIELEFELD e.V.<br \/>\nPostfach 120 183<br \/>\n33651 Bielefeld<\/p>\n<p><em>Vertreten durch den Vorstand:<\/em><br \/>\nChristiane Heintze (Vorsitzende)<br \/>\nAnke Sehr\u00a0 (stellv. Vorsitzende)<\/p>\n<p><em>V.i.S.d.P.:<\/em><br \/>\nChristiane Heintze (Vorsitzende)<\/p>\n<p><em>Sitz des Vereins<\/em>:<br \/>\nBielefeld, Amtsgericht Bielefeld, Vereinsregister-Nummer 20 VR 2357<\/p>\n<p><strong>Haftungsausschluss<\/strong><\/p>\n<p>Die TANZSPORT-GEMEINSCHAFT\u00a0BIELEFELD e.V. (TSG Bielefeld) bem\u00fcht sich um die Richtigkeit der auf ihrer Website aufgef\u00fchrten Informationen und Daten. Die TSG\u00a0Bielefeld aktualisiert die Daten und Informationen regelm\u00e4\u00dfig. Bedingt durch die Vielzahl an Informationen und der technischen Merkmale des Internets ist eine Haftung oder eine Garantie f\u00fcr die Aktualit\u00e4t, Richtigkeit und Vollst\u00e4ndigkeit der zur Verf\u00fcgung gestellten Informationen und Daten ausgeschlossen.<\/p>\n<p>Die TSG\u00a0Bielefeld beh\u00e4lt sich vor, ohne Ank\u00fcndigung \u00c4nderungen oder Erg\u00e4nzungen der bereitgestellten Informationen oder Daten vorzunehmen.<\/p>\n<p>Das Landgericht Hamburg hat mit Urteil vom 12. Mai 1998 entschieden, da\u00df durch die Anbringung eines Links die Inhalte der verlinkten Seite mitzuverantworten sind.<\/p>\n<p>Laut Rechtssprechung kann der die inhaltsverantwortliche TSG\u00a0Bielefeld von dieser Mitverantwortung nur durch die Anbringung des folgenden Hinweises entbunden werden:<br \/>\n<em>Die Haftung oder Garantie f\u00fcr die Aktualit\u00e4t, Richtigkeit und Vollst\u00e4ndigkeit aller anderen Websites, auf die mittels eines Hyperlinks verwiesen wird, ist ebenfalls ausgeschlossen. F\u00fcr den Inhalt von Websites, die mittels einer solchen Verbindung erreicht werden, ist der jeweilige Anbieter eigenverantwortlich.<\/em><\/p>\n<p>Die auf den Webseiten der TSG Bielefeld zur Verf\u00fcgung gestellten Informationen und Daten dienen Informationszwecken. Jeder Nutzer kann sich anhand dieser Informationen und Daten einen \u00dcberblick \u00fcber die Aktivit\u00e4ten\/ Angebote der TSG Bielefeld verschaffen. Weder auf die Aktualit\u00e4t und Richtigkeit noch auf die Vollst\u00e4ndigkeit der Informationen oder Daten besteht ein Anspruch. Die TSG Bielefeld haftet nicht f\u00fcr direkte noch f\u00fcr indirekte Sch\u00e4den, die durch die Nutzung der Informationen oder Daten dieser Webseiten entstehen k\u00f6nnten oder entstanden sind. Durch die Nutzung dieser Webseiten entstehen der TSG Bielefeld weder Rechte noch Pflichten gegen\u00fcber den Nutzern der Webseiten oder Dritten.<\/p>\n<p><strong>Copyright<\/strong><\/p>\n<p>Der Inhalt der Webseiten der TSG Bielefeld sind urheberrechtlich gesch\u00fctzt. Die Vervielf\u00e4ltigung von Informationen oder Daten, hier insbesondere die Verwendung von Texten, Textteilen oder Bildmaterial bedarf der vorherigen Zustimmung der TSG Bielefeld. Bei der Verlinkung auf die Webseiten der TSG Bielefeld seitens Dritten besteht die TSG Bielefeld behalten wir uns das Recht der Zustimmung vor.<\/p>\n<hr \/>\n<h1>Datenschutzrichtlinien der TSG Bielefeld<\/h1>\n<p>Seit dem 25.05.2018 gelten mit der EU-Datenschutzgrundverordnung (DSGVO) europaweit einheitliche Standards zum Schutz personenbezogener Daten. Diese Vorgaben gelten auch f\u00fcr Vereine wie die TSG Bielefeld. Nachfolgend stellen wir wichtige Informationen zum Umgang mit den Mitgliederdaten zur Verf\u00fcgung.<\/p>\n<ul>\n<li><strong><em>Verantwortlich f\u00fcr die personenbezogenen Daten:<\/em><\/strong>\n<ul>\n<li>TSG Bielefeld e.V., vertreten durch den Vorstand<\/li>\n<\/ul>\n<\/li>\n<\/ul>\n<ul>\n<li><strong><em>Welche personenbezogenen Daten werden verarbeitet ?<\/em><\/strong>\n<ul>\n<li>Anrede, Vor- und Zuname, PLZ, Wohnort, Stra\u00dfe, Geburtstag, private Telefon-Nr., Handy-Nr., E-Mail-Adresse, Eintritts- und Austrittsdatum, Bankverbindung<\/li>\n<li>Die Daten werden im Zuge des Aufnahmeantrags beim (Neu-) Mitglied erhoben. Es werden keine Daten ohne Kenntnis des Mitglieds erhoben oder verarbeitet.<\/li>\n<\/ul>\n<\/li>\n<\/ul>\n<ul>\n<li><strong><em>Was ist die Rechtsgrundlage f\u00fcr die Datenverarbeitung:<\/em><\/strong>\n<ul>\n<li>Begr\u00fcndung und Verwaltung des Mitgliedschaftsverh\u00e4ltnisses bei der TSG Bielefeld<\/li>\n<\/ul>\n<\/li>\n<\/ul>\n<ul>\n<li><strong><em>F\u00fcr welche Zwecke werden die Daten verarbeitet ?<\/em><\/strong>\n<ul>\n<li>Mitgliederverwaltung, Schriftverkehr postalisch bzw. elektronisch, Einzug der Mitgliedsbeitr\u00e4ge, Informationen im Vereinsinteresse (z.B. bei Durchf\u00fchrung von Turnieren, Meldung von Turnierpaaren)<\/li>\n<\/ul>\n<\/li>\n<\/ul>\n<ul>\n<li><strong><em>Welche Funktionstr\u00e4ger des Vereins haben Zugriff auf die Daten und f\u00fcr welche Zwecke d\u00fcrfen diese die Daten verarbeiten ?<\/em><\/strong>\n<ul>\n<li>Auf die Mitgliederdaten hat ausschlie\u00dflich der gew\u00e4hlte Vorstand Zugriff. Funktionstr\u00e4ger sind folgende <em>Vorstandsmitglieder<\/em> (Stand Mai 2018):\n<ol>\n<li>Vorsitzende (Christiane Heintze, Vereinsmitglied)<\/li>\n<li>Vorsitzende (Anke Sehr, Vereinsmitglied)<\/li>\n<li>Sportwart (Sascha Doskotz, Vereinsmitglied)<\/li>\n<li>Schriftwart (Thomas Lang, Vereinsmitglied)<\/li>\n<li>Kassenwartin (Melanie Boriesosdiek, <em>extern<\/em>)<\/li>\n<\/ol>\n<\/li>\n<li>Die gew\u00e4hlten <em>Kassenpr\u00fcfer<\/em> k\u00f6nnen bei der Kontrolle von Auszahlungen die Bankverbindungen der Mitglieder aus den Aufnahmeantr\u00e4gen stichprobenweise \u00fcberpr\u00fcfen<\/li>\n<li><strong><u>Die Daten der Mitglieder d\u00fcrfen nur f\u00fcr die oben beschriebenen Zwecke verarbeitet werden. Die Verarbeitung f\u00fcr andere Zwecke ist unzul\u00e4ssig.<\/u><\/strong><\/li>\n<\/ul>\n<\/li>\n<\/ul>\n<ul>\n<li><strong><em>Werden personenbezogene Daten an Externe \u00fcbermittelt ?<\/em><\/strong>\n<ul>\n<li>Da der Verein aus den eigenen Reihen keinen Kassenwart\/keine Kassenwartin stellen kann, wurde f\u00fcr diese Funktion im Zuge der JHV 2015 mit Frau Melanie Boriesosdiek eine <em>externe Sachbearbeiterin<\/em> vertraglich beauftragt. Fr. Boriesosdiek erh\u00e4lt die Mitgliederdaten gem. Aufnahmeantrag und stellt insbesondere die quartalsweisen Beitragseinz\u00fcge sicher. Sie ist dem Vorstand pers\u00f6nlich bekannt und steht regelm\u00e4\u00dfig mit diesem in Kontakt.<\/li>\n<li>Mit Inkrafttreten der Datenschutzgrundverordnung (DSGVO) hat der Verein mit Fr. Boriesosdiek einen Auftragsverarbeitungsvertrag geschlossen.<\/li>\n<li>Als \u00dcbermittlung gilt auch die Weitergabe an <em>andere Vereinsmitglieder<\/em>, z.B. um innerhalb der \u00dcbungsgruppen interne Kontaktlisten zu erstellen. F\u00fcr diesen Zweck ist die Angabe entsprechender Daten grunds\u00e4tzlich eine <em>freiwillige Entscheidung<\/em> der Teilnehmer. Gleiches gilt f\u00fcr die Weitergabe privater Handy-Nr. an Administratoren zur Einbindung in Whatsapp-Gruppen. Auf Wunsch des Mitglieds m\u00fcssen Daten, oder Teile davon, gel\u00f6scht werden. Die Information ist an den Vorstand zu richten. Der Vorstand hat dem Mitglied die L\u00f6schung zu best\u00e4tigen<\/li>\n<li>Der Verein gibt an externe Stellen (z.B. Versicherungen, Tanzsportverband o.\u00e4.) <em>keine<\/em> personenbezogenen Daten weiter.<\/li>\n<li>Die Weitergabe personenbezogener Daten an Zeitungen, Zeitschriften o.\u00e4. sowie die Ver\u00f6ffentlichung in sozialen Medien (facebook o.\u00e4.) sowie auf der Homepage der TSG ist nur mit <em>schriftlicher Einwilligung<\/em> der betroffenen Personen zul\u00e4ssig.<\/li>\n<\/ul>\n<\/li>\n<\/ul>\n<ul>\n<li><strong><em>Wo werden personenbezogene Daten gespeichert ?<\/em><\/strong>\n<ul>\n<li>Aufnahmeantr\u00e4ge und Mitgliederdaten werden zentral bei der externen Kassenwartin gespeichert, da dort alle Informationen f\u00fcr die Mitgliederverwaltung, insbesondere f\u00fcr den ordnungsgem\u00e4\u00dfen Einzug der Mitgliedsbeitr\u00e4ge, erforderlich sind. Au\u00dferdem werden anderen Vorstandsmitgliedern, i.d.R. dem Schriftwart, jeweils aktuelle Mitgliederlisten f\u00fcr die Adressierung des Schriftverkehrs (z.B. f\u00fcr Einladungen zu Jahreshauptversammlungen oder andere vereinsinterne Informationen) zur Verf\u00fcgung gestellt. Die Listen werden gel\u00f6scht, wenn die Rundschreiben abgeschlossen sind.<\/li>\n<li><\/li>\n<\/ul>\n<\/li>\n<li><strong><em>Wie lang werden personenbezogene Daten gespeichert ?<\/em><\/strong>\n<ul>\n<li>Aufnahmeantr\u00e4ge und Mitgliederdaten werden im Rahmen des Mitgliedschaftsverh\u00e4ltnisses gespeichert. Erfolgt eine fristgem\u00e4\u00dfe K\u00fcndigung gem. Satzung, werden die Daten noch 10 Jahre aufbewahrt. Nach Ablauf dieser gesetzlichen Aufbewahrungsfrist werden alle Daten vollst\u00e4ndig gel\u00f6scht.<\/li>\n<\/ul>\n<\/li>\n<\/ul>\n<ul>\n<li><strong><em>Betroffenenrechte<\/em><\/strong>\n<ul>\n<li>Alle Vereinsmitglieder haben jederzeit das <em>Recht aus Auskunft, Berichtigung, L\u00f6schung<\/em> <em>Einschr\u00e4nkung <\/em>der Verarbeitung ihrer personenbezogenen Daten. Sie k\u00f6nnen au\u00dferdem <em>Widerspruch<\/em> gegen die Verarbeitung einlegen. Erteilte Einwilligungen k\u00f6nnen jederzeit <em>widerrufen<\/em> werden. Sie haben ein <em>Beschwerderecht<\/em> gegen\u00fcber der zust\u00e4ndigen Aufsichtsbeh\u00f6rde (NRW: Landesdatenschutzbeauftragte D\u00fcsseldorf).<\/li>\n<li>Der Vorstand weist im berechtigten Interesse des Vereins darauf hin, dass Daten w\u00e4hrend eines bestehenden Mitgliedschaftsverh\u00e4ltnisses nicht gel\u00f6scht werden k\u00f6nnen, die f\u00fcr den <em>Lastschrifteinzug<\/em> erforderlich sind.<\/li>\n<\/ul>\n<\/li>\n<\/ul>\n<p>Der Vorstand<\/p>\n","protected":false},"excerpt":{"rendered":"<p>Impressum tsgbielefeld.de ist das Internetangebot der TANZSPORT-GEMEINSCHAFT BIELEFELD e.V. , Bielefeld. Alle Rechte an Texten, Bildern und sonstigen Informationen liegen, soweit nicht anders vermerkt, bei der TSG\u00a0Bielefeld. Abdruck und Verwendung ist nur mit ausdr\u00fccklicher Genehmigung der TSG Bielefeld zul\u00e4ssig. Gesch\u00e4ftsstelle TANZSPORT-GEMEINSCHAFT\u00a0BIELEFELD e.V. Postfach 120 183 33651 Bielefeld Vertreten durch den Vorstand: Christiane Heintze (Vorsitzende) Anke &hellip; <\/p>\n<p class=\"link-more\"><a href=\"http:\/\/www.tsgbielefeld.de\/?page_id=57\" class=\"more-link\"><span class=\"screen-reader-text\">\u201eImpressum &#038; Datenschutz\u201c <\/span>weiterlesen<\/a><\/p>\n","protected":false},"author":1,"featured_media":0,"parent":0,"menu_order":8,"comment_status":"closed","ping_status":"closed","template":"","meta":{"footnotes":""},"class_list":["post-57","page","type-page","status-publish","hentry"],"_links":{"self":[{"href":"http:\/\/www.tsgbielefeld.de\/index.php?rest_route=\/wp\/v2\/pages\/57","targetHints":{"allow":["GET"]}}],"collection":[{"href":"http:\/\/www.tsgbielefeld.de\/index.php?rest_route=\/wp\/v2\/pages"}],"about":[{"href":"http:\/\/www.tsgbielefeld.de\/index.php?rest_route=\/wp\/v2\/types\/page"}],"author":[{"embeddable":true,"href":"http:\/\/www.tsgbielefeld.de\/index.php?rest_route=\/wp\/v2\/users\/1"}],"replies":[{"embeddable":true,"href":"http:\/\/www.tsgbielefeld.de\/index.php?rest_route=%2Fwp%2Fv2%2Fcomments&post=57"}],"version-history":[{"count":11,"href":"http:\/\/www.tsgbielefeld.de\/index.php?rest_route=\/wp\/v2\/pages\/57\/revisions"}],"predecessor-version":[{"id":1129,"href":"http:\/\/www.tsgbielefeld.de\/index.php?rest_route=\/wp\/v2\/pages\/57\/revisions\/1129"}],"wp:attachment":[{"href":"http:\/\/www.tsgbielefeld.de\/index.php?rest_route=%2Fwp%2Fv2%2Fmedia&parent=57"}],"curies":[{"name":"wp","href":"https:\/\/api.w.org\/{rel}","templated":true}]}}